{"id":452,"date":"2023-06-22T13:18:28","date_gmt":"2023-06-22T12:18:28","guid":{"rendered":"https:\/\/www.zeleni-trokut.hr\/?page_id=452"},"modified":"2023-11-02T07:40:03","modified_gmt":"2023-11-02T06:40:03","slug":"pocetna","status":"publish","type":"page","link":"https:\/\/www.zeleni-trokut.hr\/en\/","title":{"rendered":"Po\u010detna"},"content":{"rendered":"<div class=\"wp-block-group is-vertical is-content-justification-center is-layout-flex wp-container-core-group-is-layout-4b2eccd6 wp-block-group-is-layout-flex\">\n<p class=\"wp-container-content-c0740251\"><\/p>\n\n\n\n<figure class=\"wp-block-image size-large\"><img loading=\"lazy\" decoding=\"async\" width=\"1024\" height=\"85\" src=\"https:\/\/www.zeleni-trokut.hr\/wp-content\/uploads\/2023\/07\/ESIF_financijski_instrumenti-3-1024x85.jpg\" alt=\"\" class=\"wp-image-661\" srcset=\"https:\/\/www.zeleni-trokut.hr\/wp-content\/uploads\/2023\/07\/ESIF_financijski_instrumenti-3-1024x85.jpg 1024w, https:\/\/www.zeleni-trokut.hr\/wp-content\/uploads\/2023\/07\/ESIF_financijski_instrumenti-3-300x25.jpg 300w, https:\/\/www.zeleni-trokut.hr\/wp-content\/uploads\/2023\/07\/ESIF_financijski_instrumenti-3-768x64.jpg 768w, https:\/\/www.zeleni-trokut.hr\/wp-content\/uploads\/2023\/07\/ESIF_financijski_instrumenti-3-18x2.jpg 18w, https:\/\/www.zeleni-trokut.hr\/wp-content\/uploads\/2023\/07\/ESIF_financijski_instrumenti-3.jpg 1200w\" sizes=\"auto, (max-width: 1024px) 100vw, 1024px\" \/><\/figure>\n\n\n\n<figure class=\"wp-block-image size-full is-resized\"><img loading=\"lazy\" decoding=\"async\" src=\"https:\/\/www.zeleni-trokut.hr\/wp-content\/uploads\/2023\/07\/HAMAG-Bicro-logo-RGB-mali.jpg\" alt=\"\" class=\"wp-image-659\" width=\"175\" height=\"37\" srcset=\"https:\/\/www.zeleni-trokut.hr\/wp-content\/uploads\/2023\/07\/HAMAG-Bicro-logo-RGB-mali.jpg 350w, https:\/\/www.zeleni-trokut.hr\/wp-content\/uploads\/2023\/07\/HAMAG-Bicro-logo-RGB-mali-300x63.jpg 300w, https:\/\/www.zeleni-trokut.hr\/wp-content\/uploads\/2023\/07\/HAMAG-Bicro-logo-RGB-mali-18x4.jpg 18w\" sizes=\"auto, (max-width: 175px) 100vw, 175px\" \/><\/figure>\n\n\n\n<p class=\"wp-container-content-c0740251\"><\/p>\n<\/div>\n\n\n\n<div class=\"wp-block-cover alignfull is-light pocetna-cover\" style=\"min-height:800px;aspect-ratio:unset;\" id=\"ponuda-general\"><span aria-hidden=\"true\" class=\"wp-block-cover__background has-background-dim-100 has-background-dim\" style=\"background-color:#e4f0e4\"><\/span><div class=\"wp-block-cover__inner-container is-layout-flow wp-block-cover-is-layout-flow\">\n<div class=\"wp-block-group is-content-justification-space-between is-nowrap is-layout-flex wp-container-core-group-is-layout-0dfbf163 wp-block-group-is-layout-flex\">\n<div class=\"wp-block-columns alignwide wp-container-content-ebf6bc82 is-layout-flex wp-container-core-columns-is-layout-9d6595d7 wp-block-columns-is-layout-flex\" style=\"font-size:25px\">\n<div class=\"wp-block-column is-layout-flow wp-block-column-is-layout-flow\" style=\"flex-basis:625px\">\n<h1 class=\"wp-block-heading ponuda-first-line has-text-color\" style=\"color:#72b823;font-size:33px\">\u0160to nudimo?<\/h1>\n\n\n\n<p class=\"has-text-align-left ponuda-second-line has-text-color\" style=\"color:#2b5b11;font-size:54px\"><strong>Usluge ure\u0111enja i odr\u017eavanje krajolika te zelenih povr\u0161ina<\/strong><\/p>\n\n\n\n<p class=\"ponuda-third-line has-text-color\" style=\"color:#52595d;font-size:23px;letter-spacing:1px\">Zeleni Trokut vr\u0161i ko\u0161nju, kr\u010denje, uklanjanje korova i mal\u010diranje upotrebom posebnih radnih strojeva.<\/p>\n<\/div>\n\n\n\n<div class=\"wp-block-column is-layout-flow wp-block-column-is-layout-flow\" style=\"flex-basis:625px\"><div class=\"wp-block-image ponuda-picture is-style-default\">\n<figure class=\"alignleft size-large is-resized\"><img loading=\"lazy\" decoding=\"async\" src=\"https:\/\/www.zeleni-trokut.hr\/wp-content\/uploads\/2023\/06\/garden-path-web_hq-edited.jpg\" alt=\"\" class=\"wp-image-627\" width=\"600\" height=\"600\" srcset=\"https:\/\/www.zeleni-trokut.hr\/wp-content\/uploads\/2023\/06\/garden-path-web_hq-edited.jpg 805w, https:\/\/www.zeleni-trokut.hr\/wp-content\/uploads\/2023\/06\/garden-path-web_hq-edited-300x300.jpg 300w, https:\/\/www.zeleni-trokut.hr\/wp-content\/uploads\/2023\/06\/garden-path-web_hq-edited-150x150.jpg 150w, https:\/\/www.zeleni-trokut.hr\/wp-content\/uploads\/2023\/06\/garden-path-web_hq-edited-768x768.jpg 768w, https:\/\/www.zeleni-trokut.hr\/wp-content\/uploads\/2023\/06\/garden-path-web_hq-edited-600x600.jpg 600w\" sizes=\"auto, (max-width: 600px) 100vw, 600px\" \/><\/figure>\n<\/div><\/div>\n<\/div>\n<\/div>\n<\/div><\/div>\n\n\n\n<div class=\"wp-block-group is-vertical is-content-justification-center is-layout-flex wp-container-core-group-is-layout-4b2eccd6 wp-block-group-is-layout-flex\">\n<figure class=\"wp-block-image size-large is-resized\"><img loading=\"lazy\" decoding=\"async\" src=\"https:\/\/www.zeleni-trokut.hr\/wp-content\/uploads\/2023\/07\/Logotipovi-i-Izjava-o-sufinanciranju_Krajnji-primatelj-1024x285.jpg\" alt=\"\" class=\"wp-image-672\" width=\"512\" height=\"143\" srcset=\"https:\/\/www.zeleni-trokut.hr\/wp-content\/uploads\/2023\/07\/Logotipovi-i-Izjava-o-sufinanciranju_Krajnji-primatelj-1024x285.jpg 1024w, https:\/\/www.zeleni-trokut.hr\/wp-content\/uploads\/2023\/07\/Logotipovi-i-Izjava-o-sufinanciranju_Krajnji-primatelj-300x83.jpg 300w, https:\/\/www.zeleni-trokut.hr\/wp-content\/uploads\/2023\/07\/Logotipovi-i-Izjava-o-sufinanciranju_Krajnji-primatelj-768x214.jpg 768w, https:\/\/www.zeleni-trokut.hr\/wp-content\/uploads\/2023\/07\/Logotipovi-i-Izjava-o-sufinanciranju_Krajnji-primatelj-18x5.jpg 18w, https:\/\/www.zeleni-trokut.hr\/wp-content\/uploads\/2023\/07\/Logotipovi-i-Izjava-o-sufinanciranju_Krajnji-primatelj.jpg 1269w\" sizes=\"auto, (max-width: 512px) 100vw, 512px\" \/><\/figure>\n<\/div>\n\n\n\n<div class=\"wp-block-cover alignfull is-light pocetna-cover\" style=\"min-height:2593px;aspect-ratio:unset;\" id=\"eu-projekt\"><span aria-hidden=\"true\" class=\"wp-block-cover__background has-background-dim-0 has-background-dim\"><\/span><div class=\"wp-block-cover__inner-container is-layout-flow wp-block-cover-is-layout-flow\">\n<div class=\"wp-block-group alignwide stack-1-eu-projekt is-vertical is-content-justification-center is-layout-flex wp-container-core-group-is-layout-4b2eccd6 wp-block-group-is-layout-flex\">\n<div class=\"wp-block-group alignwide is-vertical is-content-justification-left is-layout-flex wp-container-core-group-is-layout-c0ca7d81 wp-block-group-is-layout-flex\" style=\"font-size:26px\">\n<p class=\"pr-main-heading has-text-color\" style=\"color:#2b5b11;font-size:40px\"><strong>Pobolj\u0161anje konkurentnosti i ja\u010danje kapaciteta poduze\u0107a Zeleni trokut d.o.o. s ciljem gospodarske regeneracije Grada Petrinje<\/strong><\/p>\n\n\n\n<p class=\"has-text-align-left pr-paragraf-heading has-text-color\" style=\"color:#52595d;font-size:35px\"><strong>Naziv projekta<\/strong><\/p>\n\n\n\n<p class=\"has-text-color has-medium-font-size\" style=\"color:#52595d\">Pobolj\u0161anje konkurentnosti i ja\u010danje kapaciteta poduze\u0107a Zeleni trokut d.o.o. s ciljem gospodarske regeneracije Grada Petrinje<br>\u0161ifra projekta KK.08.2.1.16.0052<\/p>\n\n\n\n<p class=\"pr-paragraf-heading has-text-color\" style=\"color:#52595d;font-size:35px\"><strong>Kratki opis projekta<\/strong><\/p>\n\n\n\n<p class=\"has-text-color has-medium-font-size\" style=\"color:#52595d\">Poduze\u0107e Zeleni trokut d.o.o. svakodnevno svojim krajnjim kupcima vr\u0161i uslugu ure\u0111enja i odr\u017eavanja krajolika te zelenih povr\u0161ina koja uklju\u010duje ko\u0161nju, kr\u010denje, uklanjanje korova i mal\u010diranje upotrebom posebnih radnih strojeva.<br> <br>Potreba za realizacijom projekta proizlazi iz trenutnog stanja poslovanja Korisnika. Korisnik je poduze\u0107e \u010diji je obujam poslovanja u svakodnevnom porastu \u0161to posljedi\u010dno dovodi do potrebe za zapo\u0161ljavanjem novih djelatnika i dodatnim ulaganjem u materijalnu imovinu. Projekt se provodi s ciljem doprinosa gospodarskoj regeneraciji Grada Petrinje, smanjenju nezaposlenosti i pove\u0107anju konkurentnosti poduze\u0107a s navedenog prostora. Poduze\u0107e Zeleni trokut d.o.o. \u0107e ulaganjima predvi\u0111enim projektom pobolj\u0161ati vlastitu konkurentnost i pove\u0107ati kapacitete, pove\u0107ati vidljivost na ciljanom tr\u017ei\u0161tu i ste\u0107i znanja nu\u017ena za odr\u017eivo poslovanje. Uz navedeno, realizacija projekta dovest \u0107e do kreiranja novih radnih mjesta kao i o\u010duvanja postoje\u0107ih \u0161to \u0107e doprinijeti ostvarenju socijalnih politika Grada Petrinje.    <br><br>Projekt obuhva\u0107a sljede\u0107e aktivnosti:  <br><br>a) Ulaganje u materijalnu imovinu,<br>b) Ulaganje u marketing i promociju proizvoda,<br>c) Promicanje horizontalnih na\u010dela,<br>d) Upravljanje projektom,<br>e) Promid\u017eba i vidljivost.<\/p>\n\n\n\n<p class=\"pr-paragraf-heading has-text-color\" style=\"color:#52595d;font-size:35px\"><strong>Ciljevi i o\u010dekivani rezultati projekta<\/strong><\/p>\n\n\n\n<p class=\"has-text-color has-medium-font-size\" style=\"color:#52595d\">Projekt donosi brojne pozitivne u\u010dinke \u010dime se posti\u017eu glavni cilj i svrha Poziva, a to je odr\u017eiva fizi\u010dka, socijalna i gospodarska regeneracija Grada Petrinje s ciljem smanjenja socijalnih nejednakosti, isklju\u010denosti i siroma\u0161tva. <br><br>Sukladno navedenom, projektom \u0107e se ostvariti kako slijedi:<br>&#8211; Pove\u0107anje prihoda od prodaje Korisnika za 26% u godini m+2 (2025) u odnosnu na referentnu godinu (2021),<br>&#8211; Pove\u0107anje vidljivosti Korisnika na ciljanim tr\u017ei\u0161tima,<br>&#8211; Stjecanje novih znanja zaposlenika Korisnika u podru\u010dju odr\u017eivog razvoja,<br>&#8211; Stvaranje poticajnog okru\u017eenja za razvoj i napredak malih i srednjih poduze\u0107a na podru\u010dju Grada Petrinje,<br>&#8211; Pozitivan utjecaj na generiranje gospodarskog rasta Grada Petrinje,<br>&#8211; Sprje\u010davanje novog iseljavanja stanovni\u0161tva o\u010duvanjem postoje\u0107ih radnih mjesta i stvaranjem novih radnih prilika odnosno kreiranjem novih radnih mjesta.<br><br>Odr\u017eivost rezultata nakon dovr\u0161etka projekta \u0107e se realizirati kori\u0161tenjem vlastitih sredstava ostvarenih iz redovnog poslovanja poduze\u0107a.<\/p>\n\n\n\n<p class=\"pr-paragraf-heading has-text-color\" style=\"color:#52595d;font-size:35px\"><strong>Ukupna vrijednost projekta i iznos koji sufinancira EU<\/strong><\/p>\n\n\n\n<p class=\"has-text-color has-medium-font-size\" style=\"color:#52595d\">\u2022 Ukupna vrijednost projekta iznosi 222.362,55 EUR<br>\u2022 Ukupna vrijednost projekta (prihvatljivi tro\u0161kovi) iznosi 179.625,81 EUR<br>\u2022 Udio EU u financiranju projekta iznosi 152.681,94 EUR<\/p>\n\n\n\n<p class=\"pr-paragraf-heading has-text-color\" style=\"color:#52595d;font-size:35px\"><strong>Razdoblje provedbe projekta<\/strong><\/p>\n\n\n\n<p class=\"has-text-color has-medium-font-size\" style=\"color:#52595d\">14.06.2022. \u2013 03.08.2023.<\/p>\n\n\n\n<p class=\"pr-paragraf-heading has-text-color\" style=\"color:#52595d;font-size:35px\"><strong>Kontakt za vi\u0161e informacija<\/strong><\/p>\n\n\n\n<p class=\"has-text-color has-medium-font-size\" style=\"color:#52595d\">e-mail: <a href=\"mailto:maja.kireta1@gmail.com\">maja.kireta1@gmail.com<\/a><\/p>\n\n\n\n<p class=\"pr-paragraf-heading has-text-color\" style=\"color:#52595d;font-size:35px\"><strong>Linkovi<\/strong><\/p>\n\n\n\n<p class=\"has-text-color has-medium-font-size\" style=\"color:#52595d\">\u2022 <a href=\"http:\/\/www.strukturnifondovi.hr\">www.strukturnifondovi.hr<\/a> <br>\u2022 <a href=\"https:\/\/strukturnifondovi.hr\/eu-fondovi\/esi-fondovi-2014-2020\/op-konkurentnost-i-kohezija\/\">https:\/\/strukturnifondovi.hr\/eu-fondovi\/esi-fondovi-2014-2020\/op-konkurentnost-i-kohezija\/<\/a>  <br><br><\/p>\n<\/div>\n\n\n\n<figure class=\"wp-block-image size-large\"><img loading=\"lazy\" decoding=\"async\" width=\"1024\" height=\"73\" src=\"https:\/\/www.zeleni-trokut.hr\/wp-content\/uploads\/2023\/11\/Porjekt_sufinanciranje-1024x73.jpg\" alt=\"\" class=\"wp-image-684\" srcset=\"https:\/\/www.zeleni-trokut.hr\/wp-content\/uploads\/2023\/11\/Porjekt_sufinanciranje-1024x73.jpg 1024w, https:\/\/www.zeleni-trokut.hr\/wp-content\/uploads\/2023\/11\/Porjekt_sufinanciranje-300x21.jpg 300w, https:\/\/www.zeleni-trokut.hr\/wp-content\/uploads\/2023\/11\/Porjekt_sufinanciranje-768x55.jpg 768w, https:\/\/www.zeleni-trokut.hr\/wp-content\/uploads\/2023\/11\/Porjekt_sufinanciranje-18x1.jpg 18w, https:\/\/www.zeleni-trokut.hr\/wp-content\/uploads\/2023\/11\/Porjekt_sufinanciranje.jpg 1521w\" sizes=\"auto, (max-width: 1024px) 100vw, 1024px\" \/><\/figure>\n<\/div>\n<\/div><\/div>\n\n\n\n<div class=\"wp-block-group alignwide is-vertical is-content-justification-center is-layout-flex wp-container-core-group-is-layout-4b2eccd6 wp-block-group-is-layout-flex\">\n<p class=\"wp-container-content-c0740251\"><\/p>\n\n\n\n<figure class=\"wp-block-image size-full is-resized\"><img loading=\"lazy\" decoding=\"async\" src=\"https:\/\/www.zeleni-trokut.hr\/wp-content\/uploads\/2023\/07\/HR-Financira-Europska-unija-NextGenerationEU_POS_POS.jpg\" alt=\"\" class=\"wp-image-675\" width=\"300\" height=\"72\" srcset=\"https:\/\/www.zeleni-trokut.hr\/wp-content\/uploads\/2023\/07\/HR-Financira-Europska-unija-NextGenerationEU_POS_POS.jpg 600w, https:\/\/www.zeleni-trokut.hr\/wp-content\/uploads\/2023\/07\/HR-Financira-Europska-unija-NextGenerationEU_POS_POS-300x72.jpg 300w, https:\/\/www.zeleni-trokut.hr\/wp-content\/uploads\/2023\/07\/HR-Financira-Europska-unija-NextGenerationEU_POS_POS-18x4.jpg 18w\" sizes=\"auto, (max-width: 300px) 100vw, 300px\" \/><\/figure>\n\n\n\n<p class=\"wp-container-content-962be591\"><\/p>\n<\/div>","protected":false},"excerpt":{"rendered":"","protected":false},"author":1,"featured_media":0,"parent":0,"menu_order":0,"comment_status":"closed","ping_status":"closed","template":"","meta":{"footnotes":""},"class_list":["post-452","page","type-page","status-publish","hentry","entry"],"_links":{"self":[{"href":"https:\/\/www.zeleni-trokut.hr\/en\/wp-json\/wp\/v2\/pages\/452","targetHints":{"allow":["GET"]}}],"collection":[{"href":"https:\/\/www.zeleni-trokut.hr\/en\/wp-json\/wp\/v2\/pages"}],"about":[{"href":"https:\/\/www.zeleni-trokut.hr\/en\/wp-json\/wp\/v2\/types\/page"}],"author":[{"embeddable":true,"href":"https:\/\/www.zeleni-trokut.hr\/en\/wp-json\/wp\/v2\/users\/1"}],"replies":[{"embeddable":true,"href":"https:\/\/www.zeleni-trokut.hr\/en\/wp-json\/wp\/v2\/comments?post=452"}],"version-history":[{"count":83,"href":"https:\/\/www.zeleni-trokut.hr\/en\/wp-json\/wp\/v2\/pages\/452\/revisions"}],"predecessor-version":[{"id":685,"href":"https:\/\/www.zeleni-trokut.hr\/en\/wp-json\/wp\/v2\/pages\/452\/revisions\/685"}],"wp:attachment":[{"href":"https:\/\/www.zeleni-trokut.hr\/en\/wp-json\/wp\/v2\/media?parent=452"}],"curies":[{"name":"wp","href":"https:\/\/api.w.org\/{rel}","templated":true}]}}